{"id":7,"date":"2021-02-22T11:18:50","date_gmt":"2021-02-22T10:18:50","guid":{"rendered":"http:\/\/ljusljudmusik.com\/?page_id=7"},"modified":"2022-09-06T09:47:59","modified_gmt":"2022-09-06T07:47:59","slug":"kontakt","status":"publish","type":"page","link":"https:\/\/ljusljudmusik.com\/index.php\/kontakt\/","title":{"rendered":"Kontakt"},"content":{"rendered":"\n<h3>Kontakt:<\/h3>\n\n\n\n<h3>info@ljusljudmusik.se<\/h3>\n\n\n\n<h6><\/h6>\n\n\n\n<h2>0241-10335<\/h2>\n\n\n\n<h3>www.ljusljudmusik.se<\/h3>\n\n\n\n<h3>Digitala M\u00f6ten Djur\u00e5s Torg<\/h3>\n\n\n\n<h5>Centrumv\u00e4gen 5<\/h5>\n\n\n\n<h5>78561&nbsp; DJUR\u00c5S<\/h5>\n\n\n\n<h3>Streamingstudio Bodarna<\/h3>\n\n\n\n<h5>T\u00e4kt\u00e5kersv\u00e4gen 6<\/h5>\n\n\n\n<h5>78560&nbsp; DJUR\u00c5S<\/h5>\n\n\n\n<p>Kontakta oss f\u00f6r kostnadsfri prisuppgift!<\/p>\n","protected":false},"excerpt":{"rendered":"<p>Kontakt: info@ljusljudmusik.se 0241-10335 www.ljusljudmusik.se Digitala M\u00f6ten Djur\u00e5s Torg Centrumv\u00e4gen 5 78561&nbsp; DJUR\u00c5S Streamingstudio Bodarna T\u00e4kt\u00e5kersv\u00e4gen 6 78560&nbsp; DJUR\u00c5S Kontakta oss f\u00f6r kostnadsfri prisuppgift!<\/p>\n","protected":false},"author":1,"featured_media":0,"parent":0,"menu_order":0,"comment_status":"closed","ping_status":"closed","template":"","meta":[],"_links":{"self":[{"href":"https:\/\/ljusljudmusik.com\/index.php\/wp-json\/wp\/v2\/pages\/7"}],"collection":[{"href":"https:\/\/ljusljudmusik.com\/index.php\/wp-json\/wp\/v2\/pages"}],"about":[{"href":"https:\/\/ljusljudmusik.com\/index.php\/wp-json\/wp\/v2\/types\/page"}],"author":[{"embeddable":true,"href":"https:\/\/ljusljudmusik.com\/index.php\/wp-json\/wp\/v2\/users\/1"}],"replies":[{"embeddable":true,"href":"https:\/\/ljusljudmusik.com\/index.php\/wp-json\/wp\/v2\/comments?post=7"}],"version-history":[{"count":10,"href":"https:\/\/ljusljudmusik.com\/index.php\/wp-json\/wp\/v2\/pages\/7\/revisions"}],"predecessor-version":[{"id":751,"href":"https:\/\/ljusljudmusik.com\/index.php\/wp-json\/wp\/v2\/pages\/7\/revisions\/751"}],"wp:attachment":[{"href":"https:\/\/ljusljudmusik.com\/index.php\/wp-json\/wp\/v2\/media?parent=7"}],"curies":[{"name":"wp","href":"https:\/\/api.w.org\/{rel}","templated":true}]}}