{"id":6,"date":"2021-02-22T11:18:50","date_gmt":"2021-02-22T10:18:50","guid":{"rendered":"http:\/\/ljusljudmusik.com\/?page_id=6"},"modified":"2021-09-22T11:02:16","modified_gmt":"2021-09-22T09:02:16","slug":"om","status":"publish","type":"page","link":"https:\/\/ljusljudmusik.com\/index.php\/om\/","title":{"rendered":"Om oss"},"content":{"rendered":"\n<p>Proffs p\u00e5 evenemang, ljud, ljus och AV sedan 1985<\/p>\n\n\n\n<p>P\u00e5 Djur\u00e5s Torg i v\u00e5ra luftiga lokaler har vi tv\u00e5 livestreamingstudios som \u00e4r fullt utrustade med whiteboard, projektor, ljussatt f\u00f6r kamera, tr\u00e5dl\u00f6sa mikrofoner,\u00a0 stor monitor och plats f\u00f6r presidiet. Dessa kan hyras f\u00f6r digitala m\u00f6ten f\u00f6r t.ex Zoom och Teams. Vi hj\u00e4lper organisationer, f\u00f6reningar och f\u00f6retag med digitala st\u00e4mmor och m\u00f6ten. <\/p>\n\n\n\n<p>I Bodarna har vi en komplett studio, ljussatt och ljudsatt med m\u00f6jlighet till projicerad bakgrund, kontrollrum med bildmixer och flera kameror f\u00f6r olika vinklar m.m. Scen f\u00f6r livestreaming och Coronas\u00e4krade kulturevenemang. H\u00e4r g\u00f6rs b\u00e5de coronas\u00e4krade livespelingar, videoinspeliningar, digitala m\u00f6ten och hybridm\u00f6ten. <\/p>\n\n\n\n<p>Vi innehar spetskompetens p\u00e5 hybridm\u00f6ten ute p\u00e5 f\u00e4ltet med v\u00e5r portabla utrustning. Hybridm\u00f6tet h\u00e5lls d\u00e5 hos er med v\u00e5r portabla teknik som kan omfatta flera kameror, bildmixer, ljudutrustning, storbildssk\u00e4rm, projektorer m.m anpassat helt till era \u00f6nskem\u00e5l.<\/p>\n\n\n\n<p>Kontakta oss f\u00f6r kostnadsfri prisuppgift!!<\/p>\n","protected":false},"excerpt":{"rendered":"<p>Proffs p\u00e5 evenemang, ljud, ljus och AV sedan 1985 P\u00e5 Djur\u00e5s Torg i v\u00e5ra luftiga lokaler har vi tv\u00e5 livestreamingstudios som \u00e4r fullt utrustade med whiteboard, projektor, ljussatt f\u00f6r kamera, tr\u00e5dl\u00f6sa mikrofoner,\u00a0 stor monitor och plats f\u00f6r presidiet. Dessa kan hyras f\u00f6r digitala m\u00f6ten f\u00f6r t.ex Zoom och Teams. Vi hj\u00e4lper organisationer, f\u00f6reningar och f\u00f6retag&hellip; <a class=\"more-link\" href=\"https:\/\/ljusljudmusik.com\/index.php\/om\/\">Forts\u00e4tt l\u00e4sa <span class=\"screen-reader-text\">Om oss<\/span><\/a><\/p>\n","protected":false},"author":1,"featured_media":0,"parent":0,"menu_order":0,"comment_status":"closed","ping_status":"closed","template":"","meta":[],"_links":{"self":[{"href":"https:\/\/ljusljudmusik.com\/index.php\/wp-json\/wp\/v2\/pages\/6"}],"collection":[{"href":"https:\/\/ljusljudmusik.com\/index.php\/wp-json\/wp\/v2\/pages"}],"about":[{"href":"https:\/\/ljusljudmusik.com\/index.php\/wp-json\/wp\/v2\/types\/page"}],"author":[{"embeddable":true,"href":"https:\/\/ljusljudmusik.com\/index.php\/wp-json\/wp\/v2\/users\/1"}],"replies":[{"embeddable":true,"href":"https:\/\/ljusljudmusik.com\/index.php\/wp-json\/wp\/v2\/comments?post=6"}],"version-history":[{"count":3,"href":"https:\/\/ljusljudmusik.com\/index.php\/wp-json\/wp\/v2\/pages\/6\/revisions"}],"predecessor-version":[{"id":200,"href":"https:\/\/ljusljudmusik.com\/index.php\/wp-json\/wp\/v2\/pages\/6\/revisions\/200"}],"wp:attachment":[{"href":"https:\/\/ljusljudmusik.com\/index.php\/wp-json\/wp\/v2\/media?parent=6"}],"curies":[{"name":"wp","href":"https:\/\/api.w.org\/{rel}","templated":true}]}}