{"id":5,"date":"2021-02-22T11:18:50","date_gmt":"2021-02-22T10:18:50","guid":{"rendered":"http:\/\/ljusljudmusik.com\/?page_id=5"},"modified":"2022-03-31T11:53:09","modified_gmt":"2022-03-31T09:53:09","slug":"skapa-din-egen-webbplats-med-block","status":"publish","type":"page","link":"https:\/\/ljusljudmusik.com\/","title":{"rendered":"Videoproduktion"},"content":{"rendered":"\n<div style=\"height:100px\" aria-hidden=\"true\" class=\"wp-block-spacer\"><\/div>\n\n\n\n<div class=\"wp-block-columns alignwide are-vertically-aligned-center is-style-twentytwentyone-columns-overlap\">\n<div class=\"wp-block-column is-vertically-aligned-center\">\n<figure class=\"wp-block-image alignfull size-large is-style-twentytwentyone-border\"><img loading=\"lazy\" width=\"1024\" height=\"768\" src=\"https:\/\/ljusljudmusik.com\/wp-content\/uploads\/2021\/02\/20210218_194045_1920-1024x768.jpg\" alt=\"\" class=\"wp-image-26\" srcset=\"https:\/\/ljusljudmusik.com\/wp-content\/uploads\/2021\/02\/20210218_194045_1920-1024x768.jpg 1024w, https:\/\/ljusljudmusik.com\/wp-content\/uploads\/2021\/02\/20210218_194045_1920-300x225.jpg 300w, https:\/\/ljusljudmusik.com\/wp-content\/uploads\/2021\/02\/20210218_194045_1920-768x576.jpg 768w, https:\/\/ljusljudmusik.com\/wp-content\/uploads\/2021\/02\/20210218_194045_1920-1536x1152.jpg 1536w, https:\/\/ljusljudmusik.com\/wp-content\/uploads\/2021\/02\/20210218_194045_1920-1568x1176.jpg 1568w, https:\/\/ljusljudmusik.com\/wp-content\/uploads\/2021\/02\/20210218_194045_1920.jpg 1920w\" sizes=\"(max-width: 1024px) 100vw, 1024px\" \/><figcaption>L\u00e5t\u00a0oss\u00a0sk\u00f6ta livestreamingen\u00a0med tekniker\u00a0och producent.<br>Hybridm\u00f6ten, Hub<br>Teamsm\u00f6ten \u00e4ven med film<br>Streamingstudio,  Projiceringar, inspelningar<br>Streamat p\u00e5 b\u00e5de FB\/YT samt deltagande i Zoom <br>Videoproduktion<br>Hybridm\u00f6ten p\u00e5 plats hos er<br>Ljud och Ljussatt studio f\u00f6r inspelning\/f\u00f6rel\u00e4sning<br>Digitala event\/gudstj\u00e4nst\/begravning med interaktion <br>Kontakta oss f\u00f6r kostnadsfri prisuppgift.<br><\/figcaption><\/figure>\n\n\n\n<div style=\"height:100px\" aria-hidden=\"true\" class=\"wp-block-spacer\"><\/div>\n\n\n\n<figure class=\"wp-block-image alignfull size-large is-style-twentytwentyone-border\"><img loading=\"lazy\" width=\"768\" height=\"1024\" src=\"https:\/\/ljusljudmusik.com\/wp-content\/uploads\/2021\/02\/streaming3b_1080-768x1024.jpg\" alt=\"\" class=\"wp-image-30\" srcset=\"https:\/\/ljusljudmusik.com\/wp-content\/uploads\/2021\/02\/streaming3b_1080-768x1024.jpg 768w, https:\/\/ljusljudmusik.com\/wp-content\/uploads\/2021\/02\/streaming3b_1080-225x300.jpg 225w, https:\/\/ljusljudmusik.com\/wp-content\/uploads\/2021\/02\/streaming3b_1080.jpg 810w\" sizes=\"(max-width: 768px) 100vw, 768px\" \/><figcaption>Film\/video<\/figcaption><\/figure>\n<\/div>\n\n\n\n<div class=\"wp-block-column is-vertically-aligned-center\">\n<figure class=\"wp-block-gallery columns-3 is-cropped\"><ul class=\"blocks-gallery-grid\"><li class=\"blocks-gallery-item\"><figure><img loading=\"lazy\" width=\"1024\" height=\"768\" src=\"https:\/\/ljusljudmusik.com\/wp-content\/uploads\/2021\/02\/20201216_143343_1920-1024x768.jpg\" alt=\"\" data-id=\"95\" data-full-url=\"https:\/\/ljusljudmusik.com\/wp-content\/uploads\/2021\/02\/20201216_143343_1920.jpg\" data-link=\"https:\/\/ljusljudmusik.com\/20201216_143343_1920\/\" class=\"wp-image-95\" srcset=\"https:\/\/ljusljudmusik.com\/wp-content\/uploads\/2021\/02\/20201216_143343_1920-1024x768.jpg 1024w, https:\/\/ljusljudmusik.com\/wp-content\/uploads\/2021\/02\/20201216_143343_1920-300x225.jpg 300w, https:\/\/ljusljudmusik.com\/wp-content\/uploads\/2021\/02\/20201216_143343_1920-768x576.jpg 768w, https:\/\/ljusljudmusik.com\/wp-content\/uploads\/2021\/02\/20201216_143343_1920-1536x1152.jpg 1536w, https:\/\/ljusljudmusik.com\/wp-content\/uploads\/2021\/02\/20201216_143343_1920-1568x1176.jpg 1568w, https:\/\/ljusljudmusik.com\/wp-content\/uploads\/2021\/02\/20201216_143343_1920.jpg 1920w\" sizes=\"(max-width: 1024px) 100vw, 1024px\" \/><\/figure><\/li><li class=\"blocks-gallery-item\"><figure><img loading=\"lazy\" width=\"1024\" height=\"768\" src=\"https:\/\/ljusljudmusik.com\/wp-content\/uploads\/2021\/02\/20201214_153243_1920-1024x768.jpg\" alt=\"\" data-id=\"87\" data-full-url=\"https:\/\/ljusljudmusik.com\/wp-content\/uploads\/2021\/02\/20201214_153243_1920.jpg\" data-link=\"https:\/\/ljusljudmusik.com\/20201214_153243_1920\/\" class=\"wp-image-87\" srcset=\"https:\/\/ljusljudmusik.com\/wp-content\/uploads\/2021\/02\/20201214_153243_1920-1024x768.jpg 1024w, https:\/\/ljusljudmusik.com\/wp-content\/uploads\/2021\/02\/20201214_153243_1920-300x225.jpg 300w, https:\/\/ljusljudmusik.com\/wp-content\/uploads\/2021\/02\/20201214_153243_1920-768x576.jpg 768w, https:\/\/ljusljudmusik.com\/wp-content\/uploads\/2021\/02\/20201214_153243_1920-1536x1152.jpg 1536w, https:\/\/ljusljudmusik.com\/wp-content\/uploads\/2021\/02\/20201214_153243_1920-1568x1176.jpg 1568w, https:\/\/ljusljudmusik.com\/wp-content\/uploads\/2021\/02\/20201214_153243_1920.jpg 1920w\" sizes=\"(max-width: 1024px) 100vw, 1024px\" \/><\/figure><\/li><li class=\"blocks-gallery-item\"><figure><img loading=\"lazy\" width=\"1024\" height=\"768\" src=\"https:\/\/ljusljudmusik.com\/wp-content\/uploads\/2021\/02\/20201126_181550_1920-1024x768.jpg\" alt=\"\" data-id=\"83\" data-full-url=\"https:\/\/ljusljudmusik.com\/wp-content\/uploads\/2021\/02\/20201126_181550_1920.jpg\" data-link=\"https:\/\/ljusljudmusik.com\/20201126_181550_1920\/\" class=\"wp-image-83\" srcset=\"https:\/\/ljusljudmusik.com\/wp-content\/uploads\/2021\/02\/20201126_181550_1920-1024x768.jpg 1024w, https:\/\/ljusljudmusik.com\/wp-content\/uploads\/2021\/02\/20201126_181550_1920-300x225.jpg 300w, https:\/\/ljusljudmusik.com\/wp-content\/uploads\/2021\/02\/20201126_181550_1920-768x576.jpg 768w, https:\/\/ljusljudmusik.com\/wp-content\/uploads\/2021\/02\/20201126_181550_1920-1536x1152.jpg 1536w, https:\/\/ljusljudmusik.com\/wp-content\/uploads\/2021\/02\/20201126_181550_1920-1568x1176.jpg 1568w, https:\/\/ljusljudmusik.com\/wp-content\/uploads\/2021\/02\/20201126_181550_1920.jpg 1920w\" sizes=\"(max-width: 1024px) 100vw, 1024px\" \/><\/figure><\/li><li class=\"blocks-gallery-item\"><figure><img loading=\"lazy\" width=\"1024\" height=\"768\" src=\"https:\/\/ljusljudmusik.com\/wp-content\/uploads\/2021\/02\/20210209_131521_1920-1024x768.jpg\" alt=\"\" data-id=\"72\" data-full-url=\"https:\/\/ljusljudmusik.com\/wp-content\/uploads\/2021\/02\/20210209_131521_1920.jpg\" data-link=\"https:\/\/ljusljudmusik.com\/20210209_131521_1920\/\" class=\"wp-image-72\" srcset=\"https:\/\/ljusljudmusik.com\/wp-content\/uploads\/2021\/02\/20210209_131521_1920-1024x768.jpg 1024w, https:\/\/ljusljudmusik.com\/wp-content\/uploads\/2021\/02\/20210209_131521_1920-300x225.jpg 300w, https:\/\/ljusljudmusik.com\/wp-content\/uploads\/2021\/02\/20210209_131521_1920-768x576.jpg 768w, https:\/\/ljusljudmusik.com\/wp-content\/uploads\/2021\/02\/20210209_131521_1920-1536x1152.jpg 1536w, https:\/\/ljusljudmusik.com\/wp-content\/uploads\/2021\/02\/20210209_131521_1920-1568x1176.jpg 1568w, https:\/\/ljusljudmusik.com\/wp-content\/uploads\/2021\/02\/20210209_131521_1920.jpg 1920w\" sizes=\"(max-width: 1024px) 100vw, 1024px\" \/><\/figure><\/li><li class=\"blocks-gallery-item\"><figure><img loading=\"lazy\" width=\"1024\" height=\"768\" src=\"https:\/\/ljusljudmusik.com\/wp-content\/uploads\/2021\/02\/20201220_165518_1920-1024x768.jpg\" alt=\"\" data-id=\"100\" data-full-url=\"https:\/\/ljusljudmusik.com\/wp-content\/uploads\/2021\/02\/20201220_165518_1920.jpg\" data-link=\"https:\/\/ljusljudmusik.com\/20201220_165518_1920\/\" class=\"wp-image-100\" srcset=\"https:\/\/ljusljudmusik.com\/wp-content\/uploads\/2021\/02\/20201220_165518_1920-1024x768.jpg 1024w, https:\/\/ljusljudmusik.com\/wp-content\/uploads\/2021\/02\/20201220_165518_1920-300x225.jpg 300w, https:\/\/ljusljudmusik.com\/wp-content\/uploads\/2021\/02\/20201220_165518_1920-768x576.jpg 768w, https:\/\/ljusljudmusik.com\/wp-content\/uploads\/2021\/02\/20201220_165518_1920-1536x1152.jpg 1536w, https:\/\/ljusljudmusik.com\/wp-content\/uploads\/2021\/02\/20201220_165518_1920-1568x1176.jpg 1568w, https:\/\/ljusljudmusik.com\/wp-content\/uploads\/2021\/02\/20201220_165518_1920.jpg 1920w\" sizes=\"(max-width: 1024px) 100vw, 1024px\" \/><\/figure><\/li><li class=\"blocks-gallery-item\"><figure><img loading=\"lazy\" width=\"1024\" height=\"675\" src=\"https:\/\/ljusljudmusik.com\/wp-content\/uploads\/2021\/09\/20210922_095540-1024x675.jpg\" alt=\"\" data-id=\"196\" data-full-url=\"https:\/\/ljusljudmusik.com\/wp-content\/uploads\/2021\/09\/20210922_095540.jpg\" data-link=\"https:\/\/ljusljudmusik.com\/20210922_095540\/\" class=\"wp-image-196\" srcset=\"https:\/\/ljusljudmusik.com\/wp-content\/uploads\/2021\/09\/20210922_095540-1024x675.jpg 1024w, https:\/\/ljusljudmusik.com\/wp-content\/uploads\/2021\/09\/20210922_095540-300x198.jpg 300w, https:\/\/ljusljudmusik.com\/wp-content\/uploads\/2021\/09\/20210922_095540-768x506.jpg 768w, https:\/\/ljusljudmusik.com\/wp-content\/uploads\/2021\/09\/20210922_095540-1536x1012.jpg 1536w, https:\/\/ljusljudmusik.com\/wp-content\/uploads\/2021\/09\/20210922_095540-1568x1033.jpg 1568w, https:\/\/ljusljudmusik.com\/wp-content\/uploads\/2021\/09\/20210922_095540.jpg 1592w\" sizes=\"(max-width: 1024px) 100vw, 1024px\" \/><\/figure><\/li><li class=\"blocks-gallery-item\"><figure><img loading=\"lazy\" width=\"1024\" height=\"768\" src=\"https:\/\/ljusljudmusik.com\/wp-content\/uploads\/2021\/09\/20210915_191658-1024x768.jpg\" alt=\"\" data-id=\"198\" data-full-url=\"https:\/\/ljusljudmusik.com\/wp-content\/uploads\/2021\/09\/20210915_191658.jpg\" data-link=\"https:\/\/ljusljudmusik.com\/20210915_191658\/\" class=\"wp-image-198\" srcset=\"https:\/\/ljusljudmusik.com\/wp-content\/uploads\/2021\/09\/20210915_191658-1024x768.jpg 1024w, https:\/\/ljusljudmusik.com\/wp-content\/uploads\/2021\/09\/20210915_191658-300x225.jpg 300w, https:\/\/ljusljudmusik.com\/wp-content\/uploads\/2021\/09\/20210915_191658-768x576.jpg 768w, https:\/\/ljusljudmusik.com\/wp-content\/uploads\/2021\/09\/20210915_191658-1536x1152.jpg 1536w, https:\/\/ljusljudmusik.com\/wp-content\/uploads\/2021\/09\/20210915_191658-1568x1176.jpg 1568w, https:\/\/ljusljudmusik.com\/wp-content\/uploads\/2021\/09\/20210915_191658.jpg 1612w\" sizes=\"(max-width: 1024px) 100vw, 1024px\" \/><\/figure><\/li><\/ul><\/figure>\n\n\n\n<div style=\"height:100px\" aria-hidden=\"true\" class=\"wp-block-spacer\"><\/div>\n\n\n\n<figure class=\"wp-block-image size-large alignfull size-full is-style-twentytwentyone-border\"><img loading=\"lazy\" width=\"1024\" height=\"768\" src=\"https:\/\/ljusljudmusik.com\/wp-content\/uploads\/2021\/02\/streaming11_1080-1024x768.jpg\" alt=\"\" class=\"wp-image-29\" srcset=\"https:\/\/ljusljudmusik.com\/wp-content\/uploads\/2021\/02\/streaming11_1080-1024x768.jpg 1024w, https:\/\/ljusljudmusik.com\/wp-content\/uploads\/2021\/02\/streaming11_1080-300x225.jpg 300w, https:\/\/ljusljudmusik.com\/wp-content\/uploads\/2021\/02\/streaming11_1080-768x576.jpg 768w, https:\/\/ljusljudmusik.com\/wp-content\/uploads\/2021\/02\/streaming11_1080.jpg 1440w\" sizes=\"(max-width: 1024px) 100vw, 1024px\" \/><figcaption>Film\/video<br>Studio och scen f\u00f6r streaming<\/figcaption><\/figure>\n<\/div>\n<\/div>\n\n\n\n<div style=\"height:50px\" aria-hidden=\"true\" class=\"wp-block-spacer\"><\/div>\n\n\n\n<div class=\"wp-block-columns alignwide are-vertically-aligned-top\">\n<div class=\"wp-block-column is-vertically-aligned-top\">\n<h3>F\u00f6lj med i v\u00e5ra coronas\u00e4krede evenemang!<\/h3>\n\n\n\n<figure class=\"wp-block-embed is-type-video is-provider-youtube wp-block-embed-youtube wp-embed-aspect-16-9 wp-has-aspect-ratio\"><div class=\"wp-block-embed__wrapper\">\n<iframe title=\"Sagan om Mirlandet\" width=\"750\" height=\"422\" src=\"https:\/\/www.youtube.com\/embed\/CuW4wQhxL14?feature=oembed\" frameborder=\"0\" allow=\"accelerometer; autoplay; clipboard-write; encrypted-media; gyroscope; picture-in-picture\" allowfullscreen><\/iframe>\n<\/div><\/figure>\n\n\n\n<p><\/p>\n<\/div>\n\n\n\n<div class=\"wp-block-column is-vertically-aligned-top\">\n<h3>Svarta l\u00e5dan<\/h3>\n\n\n\n<p>Digital scen med publikens interagerande digitalt. Vi kommer att sl\u00e4ppa in n\u00e5gra artister och grupper i v\u00e5r svarta l\u00e5da, har du en rolig ide, kontakta oss. <\/p>\n<\/div>\n\n\n\n<div class=\"wp-block-column is-vertically-aligned-top\">\n<h3>Digitala m\u00f6ten<\/h3>\n\n\n\n<p>Vi utvecklar dina hybridm\u00f6ten digitala m\u00f6ten\/ scenframtr\u00e4danden\/ teaterf\u00f6rest\u00e4llningar med proffsutrustning, tekniker och producent. <\/p>\n<\/div>\n<\/div>\n\n\n\n<figure class=\"wp-block-image size-large is-style-default\"><img loading=\"lazy\" width=\"1024\" height=\"386\" src=\"https:\/\/ljusljudmusik.com\/wp-content\/uploads\/2021\/02\/logga_transp-1024x386.png\" alt=\"\" class=\"wp-image-108\" srcset=\"https:\/\/ljusljudmusik.com\/wp-content\/uploads\/2021\/02\/logga_transp-1024x386.png 1024w, https:\/\/ljusljudmusik.com\/wp-content\/uploads\/2021\/02\/logga_transp-300x113.png 300w, https:\/\/ljusljudmusik.com\/wp-content\/uploads\/2021\/02\/logga_transp-768x290.png 768w, https:\/\/ljusljudmusik.com\/wp-content\/uploads\/2021\/02\/logga_transp-1536x579.png 1536w, https:\/\/ljusljudmusik.com\/wp-content\/uploads\/2021\/02\/logga_transp-2048x772.png 2048w, https:\/\/ljusljudmusik.com\/wp-content\/uploads\/2021\/02\/logga_transp-1568x591.png 1568w\" sizes=\"(max-width: 1024px) 100vw, 1024px\" \/><\/figure>\n\n\n\n<pre class=\"wp-block-preformatted\"><\/pre>\n\n\n\n<hr class=\"wp-block-separator\"\/>\n\n\n\n<p>Tel: 0241-10335   info@ljusljudmusik.se Djur\u00e5s Org nr 916582-0854<\/p>\n","protected":false},"excerpt":{"rendered":"<p>F\u00f6lj med i v\u00e5ra coronas\u00e4krede evenemang! Svarta l\u00e5dan Digital scen med publikens interagerande digitalt. Vi kommer att sl\u00e4ppa in n\u00e5gra artister och grupper i v\u00e5r svarta l\u00e5da, har du en rolig ide, kontakta oss. Digitala m\u00f6ten Vi utvecklar dina hybridm\u00f6ten digitala m\u00f6ten\/ scenframtr\u00e4danden\/ teaterf\u00f6rest\u00e4llningar med proffsutrustning, tekniker och producent. Tel: 0241-10335 info@ljusljudmusik.se Djur\u00e5s Org nr&hellip; <a class=\"more-link\" href=\"https:\/\/ljusljudmusik.com\/\">Forts\u00e4tt l\u00e4sa <span class=\"screen-reader-text\">Videoproduktion<\/span><\/a><\/p>\n","protected":false},"author":1,"featured_media":0,"parent":0,"menu_order":0,"comment_status":"closed","ping_status":"closed","template":"","meta":[],"_links":{"self":[{"href":"https:\/\/ljusljudmusik.com\/index.php\/wp-json\/wp\/v2\/pages\/5"}],"collection":[{"href":"https:\/\/ljusljudmusik.com\/index.php\/wp-json\/wp\/v2\/pages"}],"about":[{"href":"https:\/\/ljusljudmusik.com\/index.php\/wp-json\/wp\/v2\/types\/page"}],"author":[{"embeddable":true,"href":"https:\/\/ljusljudmusik.com\/index.php\/wp-json\/wp\/v2\/users\/1"}],"replies":[{"embeddable":true,"href":"https:\/\/ljusljudmusik.com\/index.php\/wp-json\/wp\/v2\/comments?post=5"}],"version-history":[{"count":24,"href":"https:\/\/ljusljudmusik.com\/index.php\/wp-json\/wp\/v2\/pages\/5\/revisions"}],"predecessor-version":[{"id":690,"href":"https:\/\/ljusljudmusik.com\/index.php\/wp-json\/wp\/v2\/pages\/5\/revisions\/690"}],"wp:attachment":[{"href":"https:\/\/ljusljudmusik.com\/index.php\/wp-json\/wp\/v2\/media?parent=5"}],"curies":[{"name":"wp","href":"https:\/\/api.w.org\/{rel}","templated":true}]}}